{"id":8,"date":"2025-07-02T19:22:56","date_gmt":"2025-07-02T19:22:56","guid":{"rendered":"https:\/\/ajuda.b1bet.bet.br\/?page_id=8"},"modified":"2025-09-04T18:00:05","modified_gmt":"2025-09-04T18:00:05","slug":"central-de-ajuda-b1-bet","status":"publish","type":"page","link":"https:\/\/ajuda.b1bet.bet.br\/","title":{"rendered":"Central de Ajuda B1 Bet"},"content":{"rendered":"\t\t<div data-elementor-type=\"wp-page\" data-elementor-id=\"8\" class=\"elementor elementor-8\" data-elementor-post-type=\"page\">\n\t\t\t\t<div class=\"elementor-element elementor-element-be2ee48 e-flex e-con-boxed e-con e-parent\" data-id=\"be2ee48\" data-element_type=\"container\" data-settings=\"{&quot;background_background&quot;:&quot;classic&quot;}\">\n\t\t\t\t\t<div class=\"e-con-inner\">\n\t\t\t\t<div class=\"elementor-element elementor-element-0d87ceb elementor-widget elementor-widget-heading\" data-id=\"0d87ceb\" data-element_type=\"widget\" data-widget_type=\"heading.default\">\n\t\t\t\t\t<h2 class=\"elementor-heading-title elementor-size-default\">Como podemos ajudar?<\/h2>\t\t\t\t<\/div>\n\t\t\t\t<div class=\"elementor-element elementor-element-54878a5 elementor-widget elementor-widget-html\" data-id=\"54878a5\" data-element_type=\"widget\" data-widget_type=\"html.default\">\n\t\t\t\t\t<div class=\"asl_w_container asl_w_container_1\" data-id=\"1\" data-instance=\"1\">\r\n\t<div id='ajaxsearchlite1'\r\n\t\t data-id=\"1\"\r\n\t\t data-instance=\"1\"\r\n\t\t class=\"asl_w asl_m asl_m_1 asl_m_1_1\">\r\n\t\t<div class=\"probox\">\n\n\t\n\t<div class='prosettings' style='display:none;' data-opened=0>\n\t\t\t\t<div class='innericon'>\n\t\t\t<svg version=\"1.1\" xmlns=\"http:\/\/www.w3.org\/2000\/svg\" xmlns:xlink=\"http:\/\/www.w3.org\/1999\/xlink\" x=\"0px\" y=\"0px\" width=\"22\" height=\"22\" viewBox=\"0 0 512 512\" enable-background=\"new 0 0 512 512\" xml:space=\"preserve\">\n\t\t\t\t\t<polygon transform = \"rotate(90 256 256)\" points=\"142.332,104.886 197.48,50 402.5,256 197.48,462 142.332,407.113 292.727,256 \"\/>\n\t\t\t\t<\/svg>\n\t\t<\/div>\n\t<\/div>\n\n\t\n\t\n\t<div class='proinput'>\n        <form role=\"search\" action='#' autocomplete=\"off\"\n\t\t\t  aria-label=\"Search form\">\n\t\t\t<input aria-label=\"Search input\"\n\t\t\t\t   type='search' class='orig'\n\t\t\t\t   tabindex=\"0\"\n\t\t\t\t   name='phrase'\n\t\t\t\t   placeholder='Pesquisar...'\n\t\t\t\t   value=''\n\t\t\t\t   autocomplete=\"off\"\/>\n\t\t\t<input aria-label=\"Search autocomplete\"\n\t\t\t\t   type='text'\n\t\t\t\t   class='autocomplete'\n\t\t\t\t   tabindex=\"-1\"\n\t\t\t\t   name='phrase'\n\t\t\t\t   value=''\n\t\t\t\t   autocomplete=\"off\" disabled\/>\n\t\t\t<input type='submit' value=\"Start search\" style='width:0; height: 0; visibility: hidden;'>\n\t\t<\/form>\n\t<\/div>\n\n\t\n\t\n\t<button class='promagnifier' tabindex=\"0\" aria-label=\"Search magnifier\">\n\t\t\t\t<span class='innericon' style=\"display:block;\">\n\t\t\t<svg version=\"1.1\" xmlns=\"http:\/\/www.w3.org\/2000\/svg\" xmlns:xlink=\"http:\/\/www.w3.org\/1999\/xlink\" x=\"0px\" y=\"0px\" width=\"22\" height=\"22\" viewBox=\"0 0 512 512\" enable-background=\"new 0 0 512 512\" xml:space=\"preserve\">\n\t\t\t\t\t<path d=\"M460.355,421.59L353.844,315.078c20.041-27.553,31.885-61.437,31.885-98.037\n\t\t\t\t\t\tC385.729,124.934,310.793,50,218.686,50C126.58,50,51.645,124.934,51.645,217.041c0,92.106,74.936,167.041,167.041,167.041\n\t\t\t\t\t\tc34.912,0,67.352-10.773,94.184-29.158L419.945,462L460.355,421.59z M100.631,217.041c0-65.096,52.959-118.056,118.055-118.056\n\t\t\t\t\t\tc65.098,0,118.057,52.959,118.057,118.056c0,65.096-52.959,118.056-118.057,118.056C153.59,335.097,100.631,282.137,100.631,217.041\n\t\t\t\t\t\tz\"\/>\n\t\t\t\t<\/svg>\n\t\t<\/span>\n\t<\/button>\n\n\t\n\t\n\t<div class='proloading'>\n\n\t\t<div class=\"asl_loader\"><div class=\"asl_loader-inner asl_simple-circle\"><\/div><\/div>\n\n\t\t\t<\/div>\n\n\t\t\t<div class='proclose'>\n\t\t\t<svg version=\"1.1\" xmlns=\"http:\/\/www.w3.org\/2000\/svg\" xmlns:xlink=\"http:\/\/www.w3.org\/1999\/xlink\" x=\"0px\"\n\t\t\t\t y=\"0px\"\n\t\t\t\t width=\"12\" height=\"12\" viewBox=\"0 0 512 512\" enable-background=\"new 0 0 512 512\"\n\t\t\t\t xml:space=\"preserve\">\n\t\t\t\t<polygon points=\"438.393,374.595 319.757,255.977 438.378,137.348 374.595,73.607 255.995,192.225 137.375,73.622 73.607,137.352 192.246,255.983 73.622,374.625 137.352,438.393 256.002,319.734 374.652,438.378 \"\/>\n\t\t\t<\/svg>\n\t\t<\/div>\n\t\n\t\n<\/div>\t<\/div>\r\n\t<div class='asl_data_container' style=\"display:none !important;\">\r\n\t\t<div class=\"asl_init_data wpdreams_asl_data_ct\"\r\n\t style=\"display:none !important;\"\r\n\t id=\"asl_init_id_1\"\r\n\t data-asl-id=\"1\"\r\n\t data-asl-instance=\"1\"\r\n\t data-asldata=\"ew0KCSJob21ldXJsIjogImh0dHBzOi8vYWp1ZGEuYjFiZXQuYmV0LmJyLyIsDQoJInJlc3VsdHN0eXBlIjogInZlcnRpY2FsIiwNCgkicmVzdWx0c3Bvc2l0aW9uIjogImhvdmVyIiwNCgkiaXRlbXNjb3VudCI6IDQsDQoJImNoYXJjb3VudCI6ICAwLA0KCSJoaWdobGlnaHQiOiAwLA0KCSJoaWdobGlnaHR3aG9sZXdvcmRzIjogMSwNCgkic2luZ2xlSGlnaGxpZ2h0IjogMCwNCgkic2Nyb2xsVG9SZXN1bHRzIjogew0KCQkiZW5hYmxlZCI6IDAsDQoJCSJvZmZzZXQiOiAwDQoJfSwNCgkicmVzdWx0YXJlYWNsaWNrYWJsZSI6IDEsDQoJImF1dG9jb21wbGV0ZSI6IHsNCgkJImVuYWJsZWQiIDogMSwNCgkJImxhbmciIDogImVuIiwNCgkJInRyaWdnZXJfY2hhcmNvdW50IiA6IDANCgl9LA0KCSJtb2JpbGUiOiB7DQoJCSJtZW51X3NlbGVjdG9yIjogIiNtZW51LXRvZ2dsZSINCgl9LA0KCSJ0cmlnZ2VyIjogew0KCQkiY2xpY2siOiAicmVzdWx0c19wYWdlIiwNCgkJImNsaWNrX2xvY2F0aW9uIjogInNhbWUiLA0KCQkidXBkYXRlX2hyZWYiOiAwLA0KCQkicmV0dXJuIjogInJlc3VsdHNfcGFnZSIsDQoJCSJyZXR1cm5fbG9jYXRpb24iOiAic2FtZSIsDQoJCSJmYWNldCI6IDEsDQoJCSJ0eXBlIjogMSwNCgkJInJlZGlyZWN0X3VybCI6ICI\/cz17cGhyYXNlfSIsDQoJCSJkZWxheSI6IDMwMA0KCX0sDQogICAgImFuaW1hdGlvbnMiOiB7DQogICAgICAgICJwYyI6IHsNCiAgICAgICAgICAgICJzZXR0aW5ncyI6IHsNCiAgICAgICAgICAgICAgICAiYW5pbSIgOiAiZmFkZWRyb3AiLA0KICAgICAgICAgICAgICAgICJkdXIiICA6IDMwMA0KICAgICAgICAgICAgfSwNCiAgICAgICAgICAgICJyZXN1bHRzIiA6IHsNCgkJCQkiYW5pbSIgOiAiZmFkZWRyb3AiLA0KCQkJCSJkdXIiICA6IDMwMA0KICAgICAgICAgICAgfSwNCiAgICAgICAgICAgICJpdGVtcyIgOiAidm9pZGFuaW0iDQogICAgICAgIH0sDQogICAgICAgICJtb2IiOiB7DQogICAgICAgICAgICAic2V0dGluZ3MiOiB7DQogICAgICAgICAgICAgICAgImFuaW0iIDogImZhZGVkcm9wIiwNCiAgICAgICAgICAgICAgICAiZHVyIiAgOiAzMDANCiAgICAgICAgICAgIH0sDQogICAgICAgICAgICAicmVzdWx0cyIgOiB7DQoJCQkJImFuaW0iIDogImZhZGVkcm9wIiwNCgkJCQkiZHVyIiAgOiAzMDANCiAgICAgICAgICAgIH0sDQogICAgICAgICAgICAiaXRlbXMiIDogInZvaWRhbmltIg0KICAgICAgICB9DQogICAgfSwNCgkiYXV0b3AiOiB7DQoJCSJzdGF0ZSI6ICJkaXNhYmxlZCIsDQoJCSJwaHJhc2UiOiAiIiwNCgkJImNvdW50IjogMQl9LA0KICAgICJyZXNQYWdlIjogew0KICAgICAgICAidXNlQWpheCI6IDAsDQogICAgICAgICJzZWxlY3RvciI6ICIjbWFpbiIsDQogICAgICAgICJ0cmlnZ2VyX3R5cGUiOiAxLA0KICAgICAgICAidHJpZ2dlcl9mYWNldCI6IDEsDQogICAgICAgICJ0cmlnZ2VyX21hZ25pZmllciI6IDAsDQogICAgICAgICJ0cmlnZ2VyX3JldHVybiI6IDAgICAgfSwNCgkicmVzdWx0c1NuYXBUbyI6ICJsZWZ0IiwNCiAgICAicmVzdWx0cyI6IHsNCiAgICAgICAgIndpZHRoIjogImF1dG8iLA0KICAgICAgICAid2lkdGhfdGFibGV0IjogImF1dG8iLA0KICAgICAgICAid2lkdGhfcGhvbmUiOiAiYXV0byINCiAgICB9LA0KCSJzZXR0aW5nc2ltYWdlcG9zIjogInJpZ2h0IiwNCgkiY2xvc2VPbkRvY0NsaWNrIjogMSwNCgkib3ZlcnJpZGV3cGRlZmF1bHQiOiAxLA0KCSJvdmVycmlkZV9tZXRob2QiOiAiZ2V0Ig0KfQ0K\"><\/div>\t<div id=\"asl_hidden_data\">\r\n\t\t<svg style=\"position:absolute\" height=\"0\" width=\"0\">\r\n\t\t\t<filter id=\"aslblur\">\r\n\t\t\t\t<feGaussianBlur in=\"SourceGraphic\" stdDeviation=\"4\"\/>\r\n\t\t\t<\/filter>\r\n\t\t<\/svg>\r\n\t\t<svg style=\"position:absolute\" height=\"0\" width=\"0\">\r\n\t\t\t<filter id=\"no_aslblur\"><\/filter>\r\n\t\t<\/svg>\r\n\t<\/div>\r\n\t<\/div>\r\n\r\n\t<div id='ajaxsearchliteres1'\n\t class='vertical wpdreams_asl_results asl_w asl_r asl_r_1 asl_r_1_1'>\n\n\t\n\t<div class=\"results\">\n\n\t\t\n\t\t<div class=\"resdrg\">\n\t\t<\/div>\n\n\t\t\n\t<\/div>\n\n\t\n\t\n<\/div>\n\r\n\t<div id='__original__ajaxsearchlitesettings1'\r\n\t\t data-id=\"1\"\r\n\t\t class=\"searchsettings wpdreams_asl_settings asl_w asl_s asl_s_1\">\r\n\t\t<form name='options'\n\t  aria-label=\"Search settings form\"\n\t  autocomplete = 'off'>\n\n\t\n\t\n\t<input type=\"hidden\" name=\"filters_changed\" style=\"display:none;\" value=\"0\">\n\t<input type=\"hidden\" name=\"filters_initial\" style=\"display:none;\" value=\"1\">\n\n\t<div class=\"asl_option_inner hiddend\">\n\t\t<input type='hidden' name='qtranslate_lang' id='qtranslate_lang1'\n\t\t\t   value='0'\/>\n\t<\/div>\n\n\t\n\t\n\t<fieldset class=\"asl_sett_scroll\">\n\t\t<legend style=\"display: none;\">Generic selectors<\/legend>\n\t\t<div class=\"asl_option\" tabindex=\"0\">\n\t\t\t<div class=\"asl_option_inner\">\n\t\t\t\t<input type=\"checkbox\" value=\"exact\"\n\t\t\t\t\t   aria-label=\"Exact matches only\"\n\t\t\t\t\t   name=\"asl_gen[]\" \/>\n\t\t\t\t<div class=\"asl_option_checkbox\"><\/div>\n\t\t\t<\/div>\n\t\t\t<div class=\"asl_option_label\">\n\t\t\t\tExact matches only\t\t\t<\/div>\n\t\t<\/div>\n\t\t<div class=\"asl_option\" tabindex=\"0\">\n\t\t\t<div class=\"asl_option_inner\">\n\t\t\t\t<input type=\"checkbox\" value=\"title\"\n\t\t\t\t\t   aria-label=\"Search in title\"\n\t\t\t\t\t   name=\"asl_gen[]\"  checked=\"checked\"\/>\n\t\t\t\t<div class=\"asl_option_checkbox\"><\/div>\n\t\t\t<\/div>\n\t\t\t<div class=\"asl_option_label\">\n\t\t\t\tSearch in title\t\t\t<\/div>\n\t\t<\/div>\n\t\t<div class=\"asl_option\" tabindex=\"0\">\n\t\t\t<div class=\"asl_option_inner\">\n\t\t\t\t<input type=\"checkbox\" value=\"content\"\n\t\t\t\t\t   aria-label=\"Search in content\"\n\t\t\t\t\t   name=\"asl_gen[]\"  checked=\"checked\"\/>\n\t\t\t\t<div class=\"asl_option_checkbox\"><\/div>\n\t\t\t<\/div>\n\t\t\t<div class=\"asl_option_label\">\n\t\t\t\tSearch in content\t\t\t<\/div>\n\t\t<\/div>\n\t\t<div class=\"asl_option_inner hiddend\">\n\t\t\t<input type=\"checkbox\" value=\"excerpt\"\n\t\t\t\t   aria-label=\"Search in excerpt\"\n\t\t\t\t   name=\"asl_gen[]\"  checked=\"checked\"\/>\n\t\t\t<div class=\"asl_option_checkbox\"><\/div>\n\t\t<\/div>\n\t<\/fieldset>\n\t<fieldset class=\"asl_sett_scroll\">\n\t\t<legend style=\"display: none;\">Post Type Selectors<\/legend>\n\t\t\t\t\t<div class=\"asl_option_inner hiddend\">\n\t\t\t\t<input type=\"checkbox\" value=\"post\"\n\t\t\t\t\t   aria-label=\"Hidden option, ignore please\"\n\t\t\t\t\t   name=\"customset[]\" checked=\"checked\"\/>\n\t\t\t<\/div>\n\t\t\t\t\t\t<div class=\"asl_option_inner hiddend\">\n\t\t\t\t<input type=\"checkbox\" value=\"page\"\n\t\t\t\t\t   aria-label=\"Hidden option, ignore please\"\n\t\t\t\t\t   name=\"customset[]\" checked=\"checked\"\/>\n\t\t\t<\/div>\n\t\t\t\t<\/fieldset>\n\t<\/form>\n\t<\/div>\r\n<\/div>\t\t\t\t<\/div>\n\t\t<div class=\"elementor-element elementor-element-d8aaa44 e-con-full e-flex e-con e-child\" data-id=\"d8aaa44\" data-element_type=\"container\">\n\t\t<a class=\"elementor-element elementor-element-9007264 e-con-full e-flex e-con e-child\" data-id=\"9007264\" data-element_type=\"container\" data-settings=\"{&quot;background_background&quot;:&quot;classic&quot;}\" href=\"https:\/\/ajuda.b1bet.bet.br\/?page_id=13\">\n\t\t\t\t<div class=\"elementor-element elementor-element-946ef3e elementor-view-default elementor-widget elementor-widget-icon\" data-id=\"946ef3e\" data-element_type=\"widget\" data-widget_type=\"icon.default\">\n\t\t\t\t\t\t\t<div class=\"elementor-icon-wrapper\">\n\t\t\t<div class=\"elementor-icon\">\n\t\t\t<svg aria-hidden=\"true\" class=\"e-font-icon-svg e-fas-credit-card\" viewBox=\"0 0 576 512\" xmlns=\"http:\/\/www.w3.org\/2000\/svg\"><path d=\"M0 432c0 26.5 21.5 48 48 48h480c26.5 0 48-21.5 48-48V256H0v176zm192-68c0-6.6 5.4-12 12-12h136c6.6 0 12 5.4 12 12v40c0 6.6-5.4 12-12 12H204c-6.6 0-12-5.4-12-12v-40zm-128 0c0-6.6 5.4-12 12-12h72c6.6 0 12 5.4 12 12v40c0 6.6-5.4 12-12 12H76c-6.6 0-12-5.4-12-12v-40zM576 80v48H0V80c0-26.5 21.5-48 48-48h480c26.5 0 48 21.5 48 48z\"><\/path><\/svg>\t\t\t<\/div>\n\t\t<\/div>\n\t\t\t\t\t\t<\/div>\n\t\t\t\t<div class=\"elementor-element elementor-element-4ea4a0d elementor-widget elementor-widget-heading\" data-id=\"4ea4a0d\" data-element_type=\"widget\" data-widget_type=\"heading.default\">\n\t\t\t\t\t<h2 class=\"elementor-heading-title elementor-size-default\">Transa\u00e7\u00f5es<\/h2>\t\t\t\t<\/div>\n\t\t\t\t<div class=\"elementor-element elementor-element-d379ebf elementor-widget__width-inherit elementor-widget elementor-widget-text-editor\" data-id=\"d379ebf\" data-element_type=\"widget\" data-widget_type=\"text-editor.default\">\n\t\t\t\t\t\t\t\t\t<p>Dep\u00f3sitos, Saques, M\u00e9todos e pol\u00edticas de pagamento, Impostos e taxas<\/p>\t\t\t\t\t\t\t\t<\/div>\n\t\t\t\t<\/a>\n\t\t<a class=\"elementor-element elementor-element-2ab6e74 e-con-full e-flex e-con e-child\" data-id=\"2ab6e74\" data-element_type=\"container\" data-settings=\"{&quot;background_background&quot;:&quot;classic&quot;}\" href=\"https:\/\/ajuda.b1bet.bet.br\/?page_id=14\">\n\t\t\t\t<div class=\"elementor-element elementor-element-bf235c3 elementor-view-default elementor-widget elementor-widget-icon\" data-id=\"bf235c3\" data-element_type=\"widget\" data-widget_type=\"icon.default\">\n\t\t\t\t\t\t\t<div class=\"elementor-icon-wrapper\">\n\t\t\t<div class=\"elementor-icon\">\n\t\t\t<svg aria-hidden=\"true\" class=\"e-font-icon-svg e-fas-check\" viewBox=\"0 0 512 512\" xmlns=\"http:\/\/www.w3.org\/2000\/svg\"><path d=\"M173.898 439.404l-166.4-166.4c-9.997-9.997-9.997-26.206 0-36.204l36.203-36.204c9.997-9.998 26.207-9.998 36.204 0L192 312.69 432.095 72.596c9.997-9.997 26.207-9.997 36.204 0l36.203 36.204c9.997 9.997 9.997 26.206 0 36.204l-294.4 294.401c-9.998 9.997-26.207 9.997-36.204-.001z\"><\/path><\/svg>\t\t\t<\/div>\n\t\t<\/div>\n\t\t\t\t\t\t<\/div>\n\t\t\t\t<div class=\"elementor-element elementor-element-6aedcdf elementor-widget elementor-widget-heading\" data-id=\"6aedcdf\" data-element_type=\"widget\" data-widget_type=\"heading.default\">\n\t\t\t\t\t<h2 class=\"elementor-heading-title elementor-size-default\">Regulamenta\u00e7\u00e3o<\/h2>\t\t\t\t<\/div>\n\t\t\t\t<div class=\"elementor-element elementor-element-6fc1adb elementor-widget__width-inherit elementor-widget elementor-widget-text-editor\" data-id=\"6fc1adb\" data-element_type=\"widget\" data-widget_type=\"text-editor.default\">\n\t\t\t\t\t\t\t\t\t<p>Migra\u00e7\u00e3o Brasil, B\u00f4nus, Cassino, Jogo Respons\u00e1vel e Outros<\/p>\t\t\t\t\t\t\t\t<\/div>\n\t\t\t\t<\/a>\n\t\t<a class=\"elementor-element elementor-element-dd0df9a e-con-full e-flex e-con e-child\" data-id=\"dd0df9a\" data-element_type=\"container\" data-settings=\"{&quot;background_background&quot;:&quot;classic&quot;}\" href=\"https:\/\/ajuda.b1bet.bet.br\/?page_id=15\">\n\t\t\t\t<div class=\"elementor-element elementor-element-97bb4a6 elementor-view-default elementor-widget elementor-widget-icon\" data-id=\"97bb4a6\" data-element_type=\"widget\" data-widget_type=\"icon.default\">\n\t\t\t\t\t\t\t<div class=\"elementor-icon-wrapper\">\n\t\t\t<div class=\"elementor-icon\">\n\t\t\t<svg aria-hidden=\"true\" class=\"e-font-icon-svg e-far-id-card\" viewBox=\"0 0 576 512\" xmlns=\"http:\/\/www.w3.org\/2000\/svg\"><path d=\"M528 32H48C21.5 32 0 53.5 0 80v352c0 26.5 21.5 48 48 48h480c26.5 0 48-21.5 48-48V80c0-26.5-21.5-48-48-48zm0 400H303.2c.9-4.5.8 3.6.8-22.4 0-31.8-30.1-57.6-67.2-57.6-10.8 0-18.7 8-44.8 8-26.9 0-33.4-8-44.8-8-37.1 0-67.2 25.8-67.2 57.6 0 26-.2 17.9.8 22.4H48V144h480v288zm-168-80h112c4.4 0 8-3.6 8-8v-16c0-4.4-3.6-8-8-8H360c-4.4 0-8 3.6-8 8v16c0 4.4 3.6 8 8 8zm0-64h112c4.4 0 8-3.6 8-8v-16c0-4.4-3.6-8-8-8H360c-4.4 0-8 3.6-8 8v16c0 4.4 3.6 8 8 8zm0-64h112c4.4 0 8-3.6 8-8v-16c0-4.4-3.6-8-8-8H360c-4.4 0-8 3.6-8 8v16c0 4.4 3.6 8 8 8zm-168 96c35.3 0 64-28.7 64-64s-28.7-64-64-64-64 28.7-64 64 28.7 64 64 64z\"><\/path><\/svg>\t\t\t<\/div>\n\t\t<\/div>\n\t\t\t\t\t\t<\/div>\n\t\t\t\t<div class=\"elementor-element elementor-element-ae2ccdc elementor-widget elementor-widget-heading\" data-id=\"ae2ccdc\" data-element_type=\"widget\" data-widget_type=\"heading.default\">\n\t\t\t\t\t<h2 class=\"elementor-heading-title elementor-size-default\">Dados da Conta<\/h2>\t\t\t\t<\/div>\n\t\t\t\t<div class=\"elementor-element elementor-element-e750fc7 elementor-widget__width-inherit elementor-widget elementor-widget-text-editor\" data-id=\"e750fc7\" data-element_type=\"widget\" data-widget_type=\"text-editor.default\">\n\t\t\t\t\t\t\t\t\t<p>Registro, Ativa\u00e7\u00e3o da conta, Problemas para iniciar sess\u00e3o, Detalhes da conta<\/p>\t\t\t\t\t\t\t\t<\/div>\n\t\t\t\t<\/a>\n\t\t\t\t<\/div>\n\t\t<div class=\"elementor-element elementor-element-8c18dcc e-con-full e-flex e-con e-child\" data-id=\"8c18dcc\" data-element_type=\"container\">\n\t\t<a class=\"elementor-element elementor-element-6634dcb e-con-full e-flex e-con e-child\" data-id=\"6634dcb\" data-element_type=\"container\" data-settings=\"{&quot;background_background&quot;:&quot;classic&quot;}\" href=\"https:\/\/ajuda.b1bet.bet.br\/?page_id=16\">\n\t\t\t\t<div class=\"elementor-element elementor-element-a1cf789 elementor-view-default elementor-widget elementor-widget-icon\" data-id=\"a1cf789\" data-element_type=\"widget\" data-widget_type=\"icon.default\">\n\t\t\t\t\t\t\t<div class=\"elementor-icon-wrapper\">\n\t\t\t<div class=\"elementor-icon\">\n\t\t\t<svg aria-hidden=\"true\" class=\"e-font-icon-svg e-fas-futbol\" viewBox=\"0 0 512 512\" xmlns=\"http:\/\/www.w3.org\/2000\/svg\"><path d=\"M504 256c0 136.967-111.033 248-248 248S8 392.967 8 256 119.033 8 256 8s248 111.033 248 248zm-48 0l-.003-.282-26.064 22.741-62.679-58.5 16.454-84.355 34.303 3.072c-24.889-34.216-60.004-60.089-100.709-73.141l13.651 31.939L256 139l-74.953-41.525 13.651-31.939c-40.631 13.028-75.78 38.87-100.709 73.141l34.565-3.073 16.192 84.355-62.678 58.5-26.064-22.741-.003.282c0 43.015 13.497 83.952 38.472 117.991l7.704-33.897 85.138 10.447 36.301 77.826-29.902 17.786c40.202 13.122 84.29 13.148 124.572 0l-29.902-17.786 36.301-77.826 85.138-10.447 7.704 33.897C442.503 339.952 456 299.015 456 256zm-248.102 69.571l-29.894-91.312L256 177.732l77.996 56.527-29.622 91.312h-96.476z\"><\/path><\/svg>\t\t\t<\/div>\n\t\t<\/div>\n\t\t\t\t\t\t<\/div>\n\t\t\t\t<div class=\"elementor-element elementor-element-5f9a9d3 elementor-widget elementor-widget-heading\" data-id=\"5f9a9d3\" data-element_type=\"widget\" data-widget_type=\"heading.default\">\n\t\t\t\t\t<h2 class=\"elementor-heading-title elementor-size-default\">Esportes<\/h2>\t\t\t\t<\/div>\n\t\t\t\t<div class=\"elementor-element elementor-element-fe8880d elementor-widget__width-inherit elementor-widget elementor-widget-text-editor\" data-id=\"fe8880d\" data-element_type=\"widget\" data-widget_type=\"text-editor.default\">\n\t\t\t\t\t\t\t\t\t<p>Futebol, Basquete, V\u00f4lei, Regras Gerais, etc.<\/p>\t\t\t\t\t\t\t\t<\/div>\n\t\t\t\t<\/a>\n\t\t<a class=\"elementor-element elementor-element-b190b89 e-con-full e-flex e-con e-child\" data-id=\"b190b89\" data-element_type=\"container\" data-settings=\"{&quot;background_background&quot;:&quot;classic&quot;}\" href=\"https:\/\/ajuda.b1bet.bet.br\/?page_id=17\">\n\t\t\t\t<div class=\"elementor-element elementor-element-4d574fe elementor-widget elementor-widget-image\" data-id=\"4d574fe\" data-element_type=\"widget\" data-widget_type=\"image.default\">\n\t\t\t\t\t\t\t\t\t\t\t\t\t\t\t<img fetchpriority=\"high\" decoding=\"async\" width=\"512\" height=\"512\" src=\"https:\/\/ajuda.b1bet.bet.br\/wp-content\/uploads\/2025\/07\/Caca-Niquel.png\" class=\"attachment-large size-large wp-image-41\" alt=\"\" srcset=\"https:\/\/ajuda.b1bet.bet.br\/wp-content\/uploads\/2025\/07\/Caca-Niquel.png 512w, https:\/\/ajuda.b1bet.bet.br\/wp-content\/uploads\/2025\/07\/Caca-Niquel-300x300.png 300w, https:\/\/ajuda.b1bet.bet.br\/wp-content\/uploads\/2025\/07\/Caca-Niquel-150x150.png 150w\" sizes=\"(max-width: 512px) 100vw, 512px\" \/>\t\t\t\t\t\t\t\t\t\t\t\t\t\t\t<\/div>\n\t\t\t\t<div class=\"elementor-element elementor-element-4e19d0f elementor-widget elementor-widget-heading\" data-id=\"4e19d0f\" data-element_type=\"widget\" data-widget_type=\"heading.default\">\n\t\t\t\t\t<h2 class=\"elementor-heading-title elementor-size-default\">Cassino<\/h2>\t\t\t\t<\/div>\n\t\t\t\t<div class=\"elementor-element elementor-element-27d9557 elementor-widget__width-inherit elementor-widget elementor-widget-text-editor\" data-id=\"27d9557\" data-element_type=\"widget\" data-widget_type=\"text-editor.default\">\n\t\t\t\t\t\t\t\t\t<p>Informa\u00e7\u00e3o geral, Slots, Cassino ao vivo, Slots de Cassino<\/p>\t\t\t\t\t\t\t\t<\/div>\n\t\t\t\t<\/a>\n\t\t<a class=\"elementor-element elementor-element-4636fd1 e-con-full e-flex e-con e-child\" data-id=\"4636fd1\" data-element_type=\"container\" data-settings=\"{&quot;background_background&quot;:&quot;classic&quot;}\" href=\"https:\/\/ajuda.b1bet.bet.br\/?page_id=18\">\n\t\t\t\t<div class=\"elementor-element elementor-element-63f658a elementor-widget elementor-widget-image\" data-id=\"63f658a\" data-element_type=\"widget\" data-widget_type=\"image.default\">\n\t\t\t\t\t\t\t\t\t\t\t\t\t\t\t<img decoding=\"async\" width=\"512\" height=\"512\" src=\"https:\/\/ajuda.b1bet.bet.br\/wp-content\/uploads\/2025\/07\/Points.png\" class=\"attachment-large size-large wp-image-58\" alt=\"\" srcset=\"https:\/\/ajuda.b1bet.bet.br\/wp-content\/uploads\/2025\/07\/Points.png 512w, https:\/\/ajuda.b1bet.bet.br\/wp-content\/uploads\/2025\/07\/Points-300x300.png 300w, https:\/\/ajuda.b1bet.bet.br\/wp-content\/uploads\/2025\/07\/Points-150x150.png 150w\" sizes=\"(max-width: 512px) 100vw, 512px\" \/>\t\t\t\t\t\t\t\t\t\t\t\t\t\t\t<\/div>\n\t\t\t\t<div class=\"elementor-element elementor-element-4e31026 elementor-widget elementor-widget-heading\" data-id=\"4e31026\" data-element_type=\"widget\" data-widget_type=\"heading.default\">\n\t\t\t\t\t<h2 class=\"elementor-heading-title elementor-size-default\">Outros<\/h2>\t\t\t\t<\/div>\n\t\t\t\t<div class=\"elementor-element elementor-element-d7ce400 elementor-widget__width-inherit elementor-widget elementor-widget-text-editor\" data-id=\"d7ce400\" data-element_type=\"widget\" data-widget_type=\"text-editor.default\">\n\t\t\t\t\t\t\t\t\t<p>A\u00e7\u00f5es, Prote\u00e7\u00e3o de Dados, Suporte T\u00e9cnico, Procedimento de Reclama\u00e7\u00f5es, Afiliados<\/p>\t\t\t\t\t\t\t\t<\/div>\n\t\t\t\t<\/a>\n\t\t\t\t<\/div>\n\t\t\t\t\t<\/div>\n\t\t\t\t<\/div>\n\t\t\t\t<\/div>\n\t\t","protected":false},"excerpt":{"rendered":"<p>Como podemos ajudar? Transa\u00e7\u00f5es Dep\u00f3sitos, Saques, M\u00e9todos e pol\u00edticas de pagamento, Impostos e taxas Regulamenta\u00e7\u00e3o Migra\u00e7\u00e3o Brasil, B\u00f4nus, Cassino, Jogo Respons\u00e1vel e Outros Dados da Conta Registro, Ativa\u00e7\u00e3o da conta, Problemas para iniciar sess\u00e3o, Detalhes da conta Esportes Futebol, Basquete, V\u00f4lei, Regras Gerais, etc. Cassino Informa\u00e7\u00e3o geral, Slots, Cassino ao vivo, Slots de Cassino Outros [&hellip;]<\/p>\n","protected":false},"author":1,"featured_media":0,"parent":0,"menu_order":0,"comment_status":"closed","ping_status":"closed","template":"elementor_header_footer","meta":{"footnotes":""},"class_list":["post-8","page","type-page","status-publish","hentry"],"_links":{"self":[{"href":"https:\/\/ajuda.b1bet.bet.br\/index.php?rest_route=\/wp\/v2\/pages\/8","targetHints":{"allow":["GET"]}}],"collection":[{"href":"https:\/\/ajuda.b1bet.bet.br\/index.php?rest_route=\/wp\/v2\/pages"}],"about":[{"href":"https:\/\/ajuda.b1bet.bet.br\/index.php?rest_route=\/wp\/v2\/types\/page"}],"author":[{"embeddable":true,"href":"https:\/\/ajuda.b1bet.bet.br\/index.php?rest_route=\/wp\/v2\/users\/1"}],"replies":[{"embeddable":true,"href":"https:\/\/ajuda.b1bet.bet.br\/index.php?rest_route=%2Fwp%2Fv2%2Fcomments&post=8"}],"version-history":[{"count":5,"href":"https:\/\/ajuda.b1bet.bet.br\/index.php?rest_route=\/wp\/v2\/pages\/8\/revisions"}],"predecessor-version":[{"id":977,"href":"https:\/\/ajuda.b1bet.bet.br\/index.php?rest_route=\/wp\/v2\/pages\/8\/revisions\/977"}],"wp:attachment":[{"href":"https:\/\/ajuda.b1bet.bet.br\/index.php?rest_route=%2Fwp%2Fv2%2Fmedia&parent=8"}],"curies":[{"name":"wp","href":"https:\/\/api.w.org\/{rel}","templated":true}]}}