{"id":226,"date":"2025-07-14T20:18:35","date_gmt":"2025-07-14T20:18:35","guid":{"rendered":"https:\/\/ajuda.b1bet.bet.br\/?page_id=226"},"modified":"2025-07-14T20:27:17","modified_gmt":"2025-07-14T20:27:17","slug":"facilitando-seu-acesso","status":"publish","type":"page","link":"https:\/\/ajuda.b1bet.bet.br\/?page_id=226","title":{"rendered":"Facilitando seu acesso"},"content":{"rendered":"\t\t<div data-elementor-type=\"wp-page\" data-elementor-id=\"226\" class=\"elementor elementor-226\" data-elementor-post-type=\"page\">\n\t\t\t\t<div class=\"elementor-element elementor-element-f032402 e-flex e-con-boxed e-con e-parent\" data-id=\"f032402\" data-element_type=\"container\" data-settings=\"{&quot;background_background&quot;:&quot;classic&quot;}\">\n\t\t\t\t\t<div class=\"e-con-inner\">\n\t\t\t\t<div class=\"elementor-element elementor-element-eb881ed elementor-widget__width-inherit elementor-widget elementor-widget-text-editor\" data-id=\"eb881ed\" data-element_type=\"widget\" data-widget_type=\"text-editor.default\">\n\t\t\t\t\t\t\t\t\t<p><a href=\"https:\/\/ajuda.b1bet.bet.br\/?page_id=8\"><span style=\"color: #f5822d;\">Central de ajuda<\/span> <\/a><strong>&gt; Facilitamos o Acesso \u00e0 Plataforma para Dispositivos Iphone<\/strong><\/p>\t\t\t\t\t\t\t\t<\/div>\n\t\t\t\t\t<\/div>\n\t\t\t\t<\/div>\n\t\t<div class=\"elementor-element elementor-element-b130603 e-flex e-con-boxed e-con e-parent\" data-id=\"b130603\" data-element_type=\"container\" data-settings=\"{&quot;background_background&quot;:&quot;classic&quot;}\">\n\t\t\t\t\t<div class=\"e-con-inner\">\n\t\t<div class=\"elementor-element elementor-element-ca53536 e-con-full e-flex e-con e-child\" data-id=\"ca53536\" data-element_type=\"container\">\n\t\t\t\t<div class=\"elementor-element elementor-element-5a1cfa3 elementor-widget elementor-widget-heading\" data-id=\"5a1cfa3\" data-element_type=\"widget\" data-widget_type=\"heading.default\">\n\t\t\t\t\t<h2 class=\"elementor-heading-title elementor-size-default\">Facilitamos o Acesso \u00e0 Plataforma para Dispositivos Iphone<\/h2>\t\t\t\t<\/div>\n\t\t\t\t<div class=\"elementor-element elementor-element-7bfa6a1 elementor-widget__width-inherit elementor-widget elementor-widget-text-editor\" data-id=\"7bfa6a1\" data-element_type=\"widget\" data-widget_type=\"text-editor.default\">\n\t\t\t\t\t\t\t\t\t<p>A fim de facilitar o acesso \u00e0 nossa plataforma para usu\u00e1rios de iPhone, fornecemos a op\u00e7\u00e3o de adicionar um atalho \u00e0 tela inicial do dispositivo.\u00a0\ud83d\udc68\u200d\ud83d\udcbb\u00a0Siga as instru\u00e7\u00f5es abaixo para realizar essa a\u00e7\u00e3o:\u00a0<\/p><p>\u00a0 \u00a0 \u00a01. Acesse o site atrav\u00e9s do app\u00a0<span style=\"color: #ffffff;\"><strong><a style=\"color: #ffffff;\" href=\"https:\/\/www.apple.com\/br\/safari\/\">SAFARI<\/a><\/strong><\/span>,\u00a0na p\u00e1gina inicial do seu iPhone, localize a op\u00e7\u00e3o destacada na parte inferior da tela.<\/p><ol class=\"wp-block-list\" start=\"2\"><li>Em seguida, selecione a op\u00e7\u00e3o \u201cAdicionar \u00e0 Tela de In\u00edcio\u201d.<br \/><br \/><\/li><\/ol><p>A partir desse momento, voc\u00ea ter\u00e1 um acesso direto \u00e0 nossa plataforma, diretamente na tela inicial do seu iPhone. Essa funcionalidade proporciona mais conveni\u00eancia e rapidez para acessar nossa plataforma sempre que desejar.\u00a0<\/p><p>Certifique-se de usar o navegador\u00a0<strong>Safari<\/strong>\u00a0para realizar esse processo, pois outros navegadores podem n\u00e3o ter suporte para adicionar atalhos \u00e0 tela inicial. Se tiver alguma dificuldade ou d\u00favida, nossa central de ajuda est\u00e1 dispon\u00edvel para auxili\u00e1-lo(a).<\/p>\t\t\t\t\t\t\t\t<\/div>\n\t\t\t\t<\/div>\n\t\t\t\t\t<\/div>\n\t\t\t\t<\/div>\n\t\t\t\t<\/div>\n\t\t","protected":false},"excerpt":{"rendered":"<p>Central de ajuda &gt; Facilitamos o Acesso \u00e0 Plataforma para Dispositivos Iphone Facilitamos o Acesso \u00e0 Plataforma para Dispositivos Iphone A fim de facilitar o acesso \u00e0 nossa plataforma para usu\u00e1rios de iPhone, fornecemos a op\u00e7\u00e3o de adicionar um atalho \u00e0 tela inicial do dispositivo.\u00a0\ud83d\udc68\u200d\ud83d\udcbb\u00a0Siga as instru\u00e7\u00f5es abaixo para realizar essa a\u00e7\u00e3o:\u00a0 \u00a0 \u00a0 \u00a01. [&hellip;]<\/p>\n","protected":false},"author":1,"featured_media":0,"parent":0,"menu_order":0,"comment_status":"closed","ping_status":"closed","template":"elementor_header_footer","meta":{"footnotes":""},"class_list":["post-226","page","type-page","status-publish","hentry"],"_links":{"self":[{"href":"https:\/\/ajuda.b1bet.bet.br\/index.php?rest_route=\/wp\/v2\/pages\/226","targetHints":{"allow":["GET"]}}],"collection":[{"href":"https:\/\/ajuda.b1bet.bet.br\/index.php?rest_route=\/wp\/v2\/pages"}],"about":[{"href":"https:\/\/ajuda.b1bet.bet.br\/index.php?rest_route=\/wp\/v2\/types\/page"}],"author":[{"embeddable":true,"href":"https:\/\/ajuda.b1bet.bet.br\/index.php?rest_route=\/wp\/v2\/users\/1"}],"replies":[{"embeddable":true,"href":"https:\/\/ajuda.b1bet.bet.br\/index.php?rest_route=%2Fwp%2Fv2%2Fcomments&post=226"}],"version-history":[{"count":5,"href":"https:\/\/ajuda.b1bet.bet.br\/index.php?rest_route=\/wp\/v2\/pages\/226\/revisions"}],"predecessor-version":[{"id":237,"href":"https:\/\/ajuda.b1bet.bet.br\/index.php?rest_route=\/wp\/v2\/pages\/226\/revisions\/237"}],"wp:attachment":[{"href":"https:\/\/ajuda.b1bet.bet.br\/index.php?rest_route=%2Fwp%2Fv2%2Fmedia&parent=226"}],"curies":[{"name":"wp","href":"https:\/\/api.w.org\/{rel}","templated":true}]}}