{"id":139,"date":"2025-07-04T18:06:05","date_gmt":"2025-07-04T18:06:05","guid":{"rendered":"https:\/\/ajuda.b1bet.bet.br\/?page_id=139"},"modified":"2026-03-09T19:26:57","modified_gmt":"2026-03-09T19:26:57","slug":"app-b1bet","status":"publish","type":"page","link":"https:\/\/ajuda.b1bet.bet.br\/?page_id=139","title":{"rendered":"App B1Bet"},"content":{"rendered":"\t\t<div data-elementor-type=\"wp-page\" data-elementor-id=\"139\" class=\"elementor elementor-139\" data-elementor-post-type=\"page\">\n\t\t\t\t<div class=\"elementor-element elementor-element-04af1ba e-flex e-con-boxed e-con e-parent\" data-id=\"04af1ba\" data-element_type=\"container\" data-settings=\"{&quot;background_background&quot;:&quot;classic&quot;}\">\n\t\t\t\t\t<div class=\"e-con-inner\">\n\t\t\t\t<div class=\"elementor-element elementor-element-fe0d4fb elementor-widget elementor-widget-image\" data-id=\"fe0d4fb\" data-element_type=\"widget\" data-widget_type=\"image.default\">\n\t\t\t\t\t\t\t\t\t\t\t\t\t\t\t<img fetchpriority=\"high\" decoding=\"async\" width=\"800\" height=\"993\" src=\"https:\/\/ajuda.b1bet.bet.br\/wp-content\/uploads\/2025\/07\/MOCKUPCELULAR.png\" class=\"attachment-large size-large wp-image-142\" alt=\"\" srcset=\"https:\/\/ajuda.b1bet.bet.br\/wp-content\/uploads\/2025\/07\/MOCKUPCELULAR.png 801w, https:\/\/ajuda.b1bet.bet.br\/wp-content\/uploads\/2025\/07\/MOCKUPCELULAR-242x300.png 242w, https:\/\/ajuda.b1bet.bet.br\/wp-content\/uploads\/2025\/07\/MOCKUPCELULAR-768x953.png 768w\" sizes=\"(max-width: 800px) 100vw, 800px\" \/>\t\t\t\t\t\t\t\t\t\t\t\t\t\t\t<\/div>\n\t\t<div class=\"elementor-element elementor-element-00abb1e e-con-full e-flex e-con e-child\" data-id=\"00abb1e\" data-element_type=\"container\">\n\t\t\t\t<div class=\"elementor-element elementor-element-0c7701e elementor-widget elementor-widget-heading\" data-id=\"0c7701e\" data-element_type=\"widget\" data-widget_type=\"heading.default\">\n\t\t\t\t\t<h2 class=\"elementor-heading-title elementor-size-default\"><font color=\"#ff831e\"><b>APP B1 BET<\/b><\/font> dispon\u00edvel para download!<\/h2>\t\t\t\t<\/div>\n\t\t\t\t<div class=\"elementor-element elementor-element-583c3b5 elementor-hidden-desktop elementor-hidden-tablet elementor-hidden-mobile elementor-widget elementor-widget-heading\" data-id=\"583c3b5\" data-element_type=\"widget\" data-widget_type=\"heading.default\">\n\t\t\t\t\t<h2 class=\"elementor-heading-title elementor-size-default\"><font color=\"#ff831e\"><b>Baixar agora<\/font> o<br>  nosso app!<\/b><\/h2>\t\t\t\t<\/div>\n\t\t\t\t<div class=\"elementor-element elementor-element-1e50dc4 elementor-widget elementor-widget-heading\" data-id=\"1e50dc4\" data-element_type=\"widget\" data-widget_type=\"heading.default\">\n\t\t\t\t\t<h2 class=\"elementor-heading-title elementor-size-default\">Instru\u00e7\u00f5es para Baixar<\/h2>\t\t\t\t<\/div>\n\t\t\t\t<div class=\"elementor-element elementor-element-26f32a5 elementor-widget elementor-widget-heading\" data-id=\"26f32a5\" data-element_type=\"widget\" data-widget_type=\"heading.default\">\n\t\t\t\t\t<h2 class=\"elementor-heading-title elementor-size-default\">Leve a emo\u00e7\u00e3o das apostas com voc\u00ea! Com o <b>app da B1 BET<\/b> a melhor casa de apostas do Brasil est\u00e1 na palma da sua m\u00e3o.  <br><\/h2>\t\t\t\t<\/div>\n\t\t\t\t<div class=\"elementor-element elementor-element-a0f1376 elementor-widget elementor-widget-n-accordion\" data-id=\"a0f1376\" data-element_type=\"widget\" data-settings=\"{&quot;default_state&quot;:&quot;expanded&quot;,&quot;max_items_expended&quot;:&quot;one&quot;,&quot;n_accordion_animation_duration&quot;:{&quot;unit&quot;:&quot;ms&quot;,&quot;size&quot;:400,&quot;sizes&quot;:[]}}\" data-widget_type=\"nested-accordion.default\">\n\t\t\t\t\t\t\t<div class=\"e-n-accordion\" aria-label=\"Accordion. Open links with Enter or Space, close with Escape, and navigate with Arrow Keys\">\n\t\t\t\t\t\t<details id=\"e-n-accordion-item-1680\" class=\"e-n-accordion-item\" open>\n\t\t\t\t<summary class=\"e-n-accordion-item-title\" data-accordion-index=\"1\" tabindex=\"0\" aria-expanded=\"true\" aria-controls=\"e-n-accordion-item-1680\" >\n\t\t\t\t\t<span class='e-n-accordion-item-title-header'><div class=\"e-n-accordion-item-title-text\"> Como baixar para Android <\/div><\/span>\n\t\t\t\t\t\t\t<span class='e-n-accordion-item-title-icon'>\n\t\t\t<span class='e-opened' ><svg aria-hidden=\"true\" class=\"e-font-icon-svg e-fas-minus\" viewBox=\"0 0 448 512\" xmlns=\"http:\/\/www.w3.org\/2000\/svg\"><path d=\"M416 208H32c-17.67 0-32 14.33-32 32v32c0 17.67 14.33 32 32 32h384c17.67 0 32-14.33 32-32v-32c0-17.67-14.33-32-32-32z\"><\/path><\/svg><\/span>\n\t\t\t<span class='e-closed'><svg aria-hidden=\"true\" class=\"e-font-icon-svg e-fas-plus\" viewBox=\"0 0 448 512\" xmlns=\"http:\/\/www.w3.org\/2000\/svg\"><path d=\"M416 208H272V64c0-17.67-14.33-32-32-32h-32c-17.67 0-32 14.33-32 32v144H32c-17.67 0-32 14.33-32 32v32c0 17.67 14.33 32 32 32h144v144c0 17.67 14.33 32 32 32h32c17.67 0 32-14.33 32-32V304h144c17.67 0 32-14.33 32-32v-32c0-17.67-14.33-32-32-32z\"><\/path><\/svg><\/span>\n\t\t<\/span>\n\n\t\t\t\t\t\t<\/summary>\n\t\t\t\t<div role=\"region\" aria-labelledby=\"e-n-accordion-item-1680\" class=\"elementor-element elementor-element-7ca9683 e-con-full e-flex e-con e-child\" data-id=\"7ca9683\" data-element_type=\"container\">\n\t\t\t\t<div class=\"elementor-element elementor-element-4758d26 elementor-widget elementor-widget-text-editor\" data-id=\"4758d26\" data-element_type=\"widget\" data-widget_type=\"text-editor.default\">\n\t\t\t\t\t\t\t\t\t<ul><li>Toque em <u>&#8220;Baixar app Android&#8221;<\/u> e seja redirecionado para a Play Store<span style=\"font-size: 1rem;\">;<\/span><\/li><li dir=\"ltr\">Clique em <b>instalar e aguarde alguns segundos<\/b>;<\/li><li dir=\"ltr\">Pronto! O <b>app vai aparecer<\/b> no seu menu de aplicativos;<\/li><li dir=\"ltr\">Agora \u00e9 s\u00f3 <b>come\u00e7ar a se divertir!<\/b><\/li><\/ul>\t\t\t\t\t\t\t\t<\/div>\n\t\t\t\t<\/div>\n\t\t\t\t\t<\/details>\n\t\t\t\t\t\t<details id=\"e-n-accordion-item-1681\" class=\"e-n-accordion-item\" >\n\t\t\t\t<summary class=\"e-n-accordion-item-title\" data-accordion-index=\"2\" tabindex=\"-1\" aria-expanded=\"false\" aria-controls=\"e-n-accordion-item-1681\" >\n\t\t\t\t\t<span class='e-n-accordion-item-title-header'><div class=\"e-n-accordion-item-title-text\"> Como baixar para IOS <\/div><\/span>\n\t\t\t\t\t\t\t<span class='e-n-accordion-item-title-icon'>\n\t\t\t<span class='e-opened' ><svg aria-hidden=\"true\" class=\"e-font-icon-svg e-fas-minus\" viewBox=\"0 0 448 512\" xmlns=\"http:\/\/www.w3.org\/2000\/svg\"><path d=\"M416 208H32c-17.67 0-32 14.33-32 32v32c0 17.67 14.33 32 32 32h384c17.67 0 32-14.33 32-32v-32c0-17.67-14.33-32-32-32z\"><\/path><\/svg><\/span>\n\t\t\t<span class='e-closed'><svg aria-hidden=\"true\" class=\"e-font-icon-svg e-fas-plus\" viewBox=\"0 0 448 512\" xmlns=\"http:\/\/www.w3.org\/2000\/svg\"><path d=\"M416 208H272V64c0-17.67-14.33-32-32-32h-32c-17.67 0-32 14.33-32 32v144H32c-17.67 0-32 14.33-32 32v32c0 17.67 14.33 32 32 32h144v144c0 17.67 14.33 32 32 32h32c17.67 0 32-14.33 32-32V304h144c17.67 0 32-14.33 32-32v-32c0-17.67-14.33-32-32-32z\"><\/path><\/svg><\/span>\n\t\t<\/span>\n\n\t\t\t\t\t\t<\/summary>\n\t\t\t\t<div role=\"region\" aria-labelledby=\"e-n-accordion-item-1681\" class=\"elementor-element elementor-element-c78ebb7 e-con-full e-flex e-con e-child\" data-id=\"c78ebb7\" data-element_type=\"container\">\n\t\t\t\t<div class=\"elementor-element elementor-element-2cd2fa4 elementor-widget elementor-widget-text-editor\" data-id=\"2cd2fa4\" data-element_type=\"widget\" data-widget_type=\"text-editor.default\">\n\t\t\t\t\t\t\t\t\t<ul><li>Abra o Safari e acesse <span style=\"text-decoration: underline;\">https:\/\/b1bet.bet.br<\/span>;<\/li><li class=\"selectable-text copyable-text x15bjb6t x1n2onr6\" dir=\"ltr\">Toque no \u00edcone de <b>compartilhamento bot\u00e3o Compartilhar na parte inferior;<\/b><\/li><li class=\"selectable-text copyable-text x15bjb6t x1n2onr6\" dir=\"ltr\">Selecione <b>&#8220;Adicionar \u00e0 Tela Inicial&#8221;;<\/b><\/li><li class=\"selectable-text copyable-text x15bjb6t x1n2onr6\" dir=\"ltr\">Toque em <b>&#8220;Adicionar&#8221;<\/b>. O \u00edcone aparecer\u00e1 na tela inicial;<\/li><li class=\"selectable-text copyable-text x15bjb6t x1n2onr6\" dir=\"ltr\">Agora \u00e9 s\u00f3 clicar e come\u00e7ar a jogar.<\/li><\/ul>\t\t\t\t\t\t\t\t<\/div>\n\t\t\t\t<\/div>\n\t\t\t\t\t<\/details>\n\t\t\t\t\t<\/div>\n\t\t\t\t\t\t<\/div>\n\t\t<div class=\"elementor-element elementor-element-4b2302d e-con-full e-flex e-con e-child\" data-id=\"4b2302d\" data-element_type=\"container\">\n\t\t<div class=\"elementor-element elementor-element-cef38f8 e-con-full e-flex e-con e-child\" data-id=\"cef38f8\" data-element_type=\"container\">\n\t\t\t\t<div class=\"elementor-element elementor-element-ff30bc4 elementor-align-justify elementor-widget elementor-widget-button\" data-id=\"ff30bc4\" data-element_type=\"widget\" data-widget_type=\"button.default\">\n\t\t\t\t\t\t\t\t\t\t<a class=\"elementor-button elementor-button-link elementor-size-sm\" href=\"https:\/\/play.google.com\/store\/apps\/details?id=com.b1betbr.app&#038;hl=pt_BR\" rel=\"nofollow\">\n\t\t\t\t\t\t<span class=\"elementor-button-content-wrapper\">\n\t\t\t\t\t\t\t\t\t<span class=\"elementor-button-text\"> Baixar app Android<\/span>\n\t\t\t\t\t<\/span>\n\t\t\t\t\t<\/a>\n\t\t\t\t\t\t\t\t<\/div>\n\t\t\t\t<\/div>\n\t\t<div class=\"elementor-element elementor-element-7357ea8 e-con-full e-flex e-con e-child\" data-id=\"7357ea8\" data-element_type=\"container\">\n\t\t\t\t<div class=\"elementor-element elementor-element-17c23ed elementor-align-justify elementor-widget elementor-widget-button\" data-id=\"17c23ed\" data-element_type=\"widget\" data-widget_type=\"button.default\">\n\t\t\t\t\t\t\t\t\t\t<a class=\"elementor-button elementor-button-link elementor-size-sm\" href=\"https:\/\/ajuda.b1bet.bet.br\/?page_id=226\">\n\t\t\t\t\t\t<span class=\"elementor-button-content-wrapper\">\n\t\t\t\t\t\t\t\t\t<span class=\"elementor-button-text\"> Baixar app IOS<\/span>\n\t\t\t\t\t<\/span>\n\t\t\t\t\t<\/a>\n\t\t\t\t\t\t\t\t<\/div>\n\t\t\t\t<\/div>\n\t\t\t\t<\/div>\n\t\t\t\t<\/div>\n\t\t<div class=\"elementor-element elementor-element-094264a elementor-hidden-desktop e-con-full elementor-hidden-tablet elementor-hidden-mobile e-flex e-con e-child\" data-id=\"094264a\" data-element_type=\"container\" data-settings=\"{&quot;background_background&quot;:&quot;classic&quot;}\">\n\t\t<div class=\"elementor-element elementor-element-cd13559 e-con-full e-flex e-con e-child\" data-id=\"cd13559\" data-element_type=\"container\">\n\t\t\t\t<div class=\"elementor-element elementor-element-094dae1 elementor-widget elementor-widget-image\" data-id=\"094dae1\" data-element_type=\"widget\" data-widget_type=\"image.default\">\n\t\t\t\t\t\t\t\t\t\t\t\t\t\t\t<img fetchpriority=\"high\" decoding=\"async\" width=\"800\" height=\"993\" src=\"https:\/\/ajuda.b1bet.bet.br\/wp-content\/uploads\/2025\/07\/MOCKUPCELULAR.png\" class=\"attachment-large size-large wp-image-142\" alt=\"\" srcset=\"https:\/\/ajuda.b1bet.bet.br\/wp-content\/uploads\/2025\/07\/MOCKUPCELULAR.png 801w, https:\/\/ajuda.b1bet.bet.br\/wp-content\/uploads\/2025\/07\/MOCKUPCELULAR-242x300.png 242w, https:\/\/ajuda.b1bet.bet.br\/wp-content\/uploads\/2025\/07\/MOCKUPCELULAR-768x953.png 768w\" sizes=\"(max-width: 800px) 100vw, 800px\" \/>\t\t\t\t\t\t\t\t\t\t\t\t\t\t\t<\/div>\n\t\t\t\t<\/div>\n\t\t<div class=\"elementor-element elementor-element-81d72b2 e-con-full e-flex e-con e-child\" data-id=\"81d72b2\" data-element_type=\"container\">\n\t\t\t\t<div class=\"elementor-element elementor-element-1f35a32 elementor-hidden-tablet elementor-hidden-mobile elementor-widget elementor-widget-heading\" data-id=\"1f35a32\" data-element_type=\"widget\" data-widget_type=\"heading.default\">\n\t\t\t\t\t<h2 class=\"elementor-heading-title elementor-size-default\"><font color=\"#ff831e\"><b>Baixar agora<\/b><\/font> o nosso app!<\/h2>\t\t\t\t<\/div>\n\t\t\t\t<div class=\"elementor-element elementor-element-b662f25 elementor-hidden-desktop elementor-widget elementor-widget-heading\" data-id=\"b662f25\" data-element_type=\"widget\" data-widget_type=\"heading.default\">\n\t\t\t\t\t<h2 class=\"elementor-heading-title elementor-size-default\"><font color=\"#ff831e\"><b>Baixar agora<\/font> o<br>  nosso app!<\/b><\/h2>\t\t\t\t<\/div>\n\t\t\t\t<div class=\"elementor-element elementor-element-8837b84 elementor-widget elementor-widget-heading\" data-id=\"8837b84\" data-element_type=\"widget\" data-widget_type=\"heading.default\">\n\t\t\t\t\t<h2 class=\"elementor-heading-title elementor-size-default\"><h2 class=\"elementor-heading-title elementor-size-default\" style=\"line-height: 30px;font-size: 23px;text-align: left\">Leve a emo\u00e7\u00e3o das apostas com voc\u00ea! Com o&nbsp;<span style=\"font-weight: bolder\">app da B1 BET<\/span>&nbsp;a melhor casa de apostas do Brasil est\u00e1 na palma da sua m\u00e3o.<\/h2><\/h2>\t\t\t\t<\/div>\n\t\t\t\t<div class=\"elementor-element elementor-element-12a96c5 elementor-widget elementor-widget-heading\" data-id=\"12a96c5\" data-element_type=\"widget\" data-widget_type=\"heading.default\">\n\t\t\t\t\t<h2 class=\"elementor-heading-title elementor-size-default\">Instru\u00e7\u00f5es para Baixar<\/h2>\t\t\t\t<\/div>\n\t\t\t\t<div class=\"elementor-element elementor-element-9093a41 elementor-widget elementor-widget-n-accordion\" data-id=\"9093a41\" data-element_type=\"widget\" data-settings=\"{&quot;default_state&quot;:&quot;expanded&quot;,&quot;max_items_expended&quot;:&quot;one&quot;,&quot;n_accordion_animation_duration&quot;:{&quot;unit&quot;:&quot;ms&quot;,&quot;size&quot;:400,&quot;sizes&quot;:[]}}\" data-widget_type=\"nested-accordion.default\">\n\t\t\t\t\t\t\t<div class=\"e-n-accordion\" aria-label=\"Accordion. Open links with Enter or Space, close with Escape, and navigate with Arrow Keys\">\n\t\t\t\t\t\t<details id=\"e-n-accordion-item-1510\" class=\"e-n-accordion-item\" open>\n\t\t\t\t<summary class=\"e-n-accordion-item-title\" data-accordion-index=\"1\" tabindex=\"0\" aria-expanded=\"true\" aria-controls=\"e-n-accordion-item-1510\" >\n\t\t\t\t\t<span class='e-n-accordion-item-title-header'><div class=\"e-n-accordion-item-title-text\"> Passo a passo para IOS <\/div><\/span>\n\t\t\t\t\t\t\t<span class='e-n-accordion-item-title-icon'>\n\t\t\t<span class='e-opened' ><svg aria-hidden=\"true\" class=\"e-font-icon-svg e-fas-minus\" viewBox=\"0 0 448 512\" xmlns=\"http:\/\/www.w3.org\/2000\/svg\"><path d=\"M416 208H32c-17.67 0-32 14.33-32 32v32c0 17.67 14.33 32 32 32h384c17.67 0 32-14.33 32-32v-32c0-17.67-14.33-32-32-32z\"><\/path><\/svg><\/span>\n\t\t\t<span class='e-closed'><svg aria-hidden=\"true\" class=\"e-font-icon-svg e-fas-plus\" viewBox=\"0 0 448 512\" xmlns=\"http:\/\/www.w3.org\/2000\/svg\"><path d=\"M416 208H272V64c0-17.67-14.33-32-32-32h-32c-17.67 0-32 14.33-32 32v144H32c-17.67 0-32 14.33-32 32v32c0 17.67 14.33 32 32 32h144v144c0 17.67 14.33 32 32 32h32c17.67 0 32-14.33 32-32V304h144c17.67 0 32-14.33 32-32v-32c0-17.67-14.33-32-32-32z\"><\/path><\/svg><\/span>\n\t\t<\/span>\n\n\t\t\t\t\t\t<\/summary>\n\t\t\t\t<div role=\"region\" aria-labelledby=\"e-n-accordion-item-1510\" class=\"elementor-element elementor-element-ea5ca4d e-con-full e-flex e-con e-child\" data-id=\"ea5ca4d\" data-element_type=\"container\">\n\t\t\t\t<div class=\"elementor-element elementor-element-b0915f9 elementor-widget elementor-widget-text-editor\" data-id=\"b0915f9\" data-element_type=\"widget\" data-widget_type=\"text-editor.default\">\n\t\t\t\t\t\t\t\t\t<ul><li class=\"selectable-text copyable-text x15bjb6t x1n2onr6\" dir=\"ltr\">Abra o Safari e acesse https:\/\/b1bet.bet.br;<\/li><li class=\"selectable-text copyable-text x15bjb6t x1n2onr6\" dir=\"ltr\">Toque no \u00edcone de compartilhamento bot\u00e3o Compartilhar na parte inferior;<\/li><li class=\"selectable-text copyable-text x15bjb6t x1n2onr6\" dir=\"ltr\">Selecione \u201cAdicionar \u00e0 Tela Inicial\u201c;<\/li><li class=\"selectable-text copyable-text x15bjb6t x1n2onr6\" dir=\"ltr\">Toque em \u201cAdicionar\u201c. O \u00edcone aparecer\u00e1 na tela inicial;<br \/>Agora \u00e9 s\u00f3 acessar e se divertir.<\/li><\/ul>\t\t\t\t\t\t\t\t<\/div>\n\t\t\t\t<\/div>\n\t\t\t\t\t<\/details>\n\t\t\t\t\t\t<details id=\"e-n-accordion-item-1511\" class=\"e-n-accordion-item\" >\n\t\t\t\t<summary class=\"e-n-accordion-item-title\" data-accordion-index=\"2\" tabindex=\"-1\" aria-expanded=\"false\" aria-controls=\"e-n-accordion-item-1511\" >\n\t\t\t\t\t<span class='e-n-accordion-item-title-header'><div class=\"e-n-accordion-item-title-text\"> Passo a passo para Android <\/div><\/span>\n\t\t\t\t\t\t\t<span class='e-n-accordion-item-title-icon'>\n\t\t\t<span class='e-opened' ><svg aria-hidden=\"true\" class=\"e-font-icon-svg e-fas-minus\" viewBox=\"0 0 448 512\" xmlns=\"http:\/\/www.w3.org\/2000\/svg\"><path d=\"M416 208H32c-17.67 0-32 14.33-32 32v32c0 17.67 14.33 32 32 32h384c17.67 0 32-14.33 32-32v-32c0-17.67-14.33-32-32-32z\"><\/path><\/svg><\/span>\n\t\t\t<span class='e-closed'><svg aria-hidden=\"true\" class=\"e-font-icon-svg e-fas-plus\" viewBox=\"0 0 448 512\" xmlns=\"http:\/\/www.w3.org\/2000\/svg\"><path d=\"M416 208H272V64c0-17.67-14.33-32-32-32h-32c-17.67 0-32 14.33-32 32v144H32c-17.67 0-32 14.33-32 32v32c0 17.67 14.33 32 32 32h144v144c0 17.67 14.33 32 32 32h32c17.67 0 32-14.33 32-32V304h144c17.67 0 32-14.33 32-32v-32c0-17.67-14.33-32-32-32z\"><\/path><\/svg><\/span>\n\t\t<\/span>\n\n\t\t\t\t\t\t<\/summary>\n\t\t\t\t<div role=\"region\" aria-labelledby=\"e-n-accordion-item-1511\" class=\"elementor-element elementor-element-a7b6b1f e-con-full e-flex e-con e-child\" data-id=\"a7b6b1f\" data-element_type=\"container\">\n\t\t\t\t<div class=\"elementor-element elementor-element-949e830 elementor-widget elementor-widget-text-editor\" data-id=\"949e830\" data-element_type=\"widget\" data-widget_type=\"text-editor.default\">\n\t\t\t\t\t\t\t\t\t<p class=\"selectable-text copyable-text x15bjb6t x1n2onr6\" dir=\"ltr\"><span class=\"selectable-text copyable-text xkrh14z\">Clique no bot\u00e3o Baixar o Aplicativo e fa\u00e7a o download do arquivo para o seu Android;<\/span><\/p><p class=\"selectable-text copyable-text x15bjb6t x1n2onr6\" dir=\"ltr\"><span class=\"selectable-text copyable-text xkrh14z\">Ap\u00f3s terminar o download, acesse o aplicativo Arquivos\/File e busque o arquivo app-b1bet.apk;<\/span><\/p><p class=\"selectable-text copyable-text x15bjb6t x1n2onr6\" dir=\"ltr\"><span class=\"selectable-text copyable-text xkrh14z\">Clique em configura\u00e7\u00f5es &gt; Permitir desta fonte &gt; Instalar;<\/span><\/p><p class=\"selectable-text copyable-text x15bjb6t x1n2onr6\" dir=\"ltr\"><span class=\"selectable-text copyable-text xkrh14z\">Pronto! O app estar\u00e1 dispon\u00edvel em seu cat\u00e1logo de aplicativos no Android.<\/span><\/p><p class=\"selectable-text copyable-text x15bjb6t x1n2onr6\" dir=\"ltr\"><span class=\"selectable-text copyable-text xkrh14z\">Agora \u00e9 s\u00f3 acessar e se divertir.<\/span><\/p>\t\t\t\t\t\t\t\t<\/div>\n\t\t\t\t<\/div>\n\t\t\t\t\t<\/details>\n\t\t\t\t\t<\/div>\n\t\t\t\t\t\t<\/div>\n\t\t<div class=\"elementor-element elementor-element-a073e92 e-con-full e-flex e-con e-child\" data-id=\"a073e92\" data-element_type=\"container\">\n\t\t<div class=\"elementor-element elementor-element-2994763 e-con-full e-flex e-con e-child\" data-id=\"2994763\" data-element_type=\"container\">\n\t\t\t\t<div class=\"elementor-element elementor-element-b6cba87 elementor-align-justify elementor-widget elementor-widget-button\" data-id=\"b6cba87\" data-element_type=\"widget\" data-widget_type=\"button.default\">\n\t\t\t\t\t\t\t\t\t\t<a class=\"elementor-button elementor-button-link elementor-size-sm\" href=\"https:\/\/ajuda.b1bet.bet.br\/?attachment_id=254\" target=\"_blank\">\n\t\t\t\t\t\t<span class=\"elementor-button-content-wrapper\">\n\t\t\t\t\t\t\t\t\t<span class=\"elementor-button-text\"> Baixar para android<\/span>\n\t\t\t\t\t<\/span>\n\t\t\t\t\t<\/a>\n\t\t\t\t\t\t\t\t<\/div>\n\t\t\t\t<\/div>\n\t\t<div class=\"elementor-element elementor-element-cecd20a e-con-full e-flex e-con e-child\" data-id=\"cecd20a\" data-element_type=\"container\">\n\t\t\t\t<div class=\"elementor-element elementor-element-c959e96 elementor-align-justify elementor-widget elementor-widget-button\" data-id=\"c959e96\" data-element_type=\"widget\" data-widget_type=\"button.default\">\n\t\t\t\t\t\t\t\t\t\t<a class=\"elementor-button elementor-button-link elementor-size-sm\" href=\"https:\/\/ajuda.b1bet.bet.br\/?page_id=226\">\n\t\t\t\t\t\t<span class=\"elementor-button-content-wrapper\">\n\t\t\t\t\t\t\t\t\t<span class=\"elementor-button-text\"> Baixar para IOS<\/span>\n\t\t\t\t\t<\/span>\n\t\t\t\t\t<\/a>\n\t\t\t\t\t\t\t\t<\/div>\n\t\t\t\t<\/div>\n\t\t\t\t<\/div>\n\t\t\t\t<\/div>\n\t\t\t\t<\/div>\n\t\t<div class=\"elementor-element elementor-element-e24939c e-con-full e-flex e-con e-child\" data-id=\"e24939c\" data-element_type=\"container\">\n\t\t\t\t<\/div>\n\t\t\t\t\t<\/div>\n\t\t\t\t<\/div>\n\t\t\t\t<\/div>\n\t\t","protected":false},"excerpt":{"rendered":"<p>APP B1 BET dispon\u00edvel para download! Baixar agora o nosso app! Instru\u00e7\u00f5es para Baixar Leve a emo\u00e7\u00e3o das apostas com voc\u00ea! Com o app da B1 BET a melhor casa de apostas do Brasil est\u00e1 na palma da sua m\u00e3o. Como baixar para Android Toque em &#8220;Baixar app Android&#8221; e seja redirecionado para a Play [&hellip;]<\/p>\n","protected":false},"author":1,"featured_media":0,"parent":0,"menu_order":0,"comment_status":"closed","ping_status":"closed","template":"elementor_canvas","meta":{"footnotes":""},"class_list":["post-139","page","type-page","status-publish","hentry"],"_links":{"self":[{"href":"https:\/\/ajuda.b1bet.bet.br\/index.php?rest_route=\/wp\/v2\/pages\/139","targetHints":{"allow":["GET"]}}],"collection":[{"href":"https:\/\/ajuda.b1bet.bet.br\/index.php?rest_route=\/wp\/v2\/pages"}],"about":[{"href":"https:\/\/ajuda.b1bet.bet.br\/index.php?rest_route=\/wp\/v2\/types\/page"}],"author":[{"embeddable":true,"href":"https:\/\/ajuda.b1bet.bet.br\/index.php?rest_route=\/wp\/v2\/users\/1"}],"replies":[{"embeddable":true,"href":"https:\/\/ajuda.b1bet.bet.br\/index.php?rest_route=%2Fwp%2Fv2%2Fcomments&post=139"}],"version-history":[{"count":5,"href":"https:\/\/ajuda.b1bet.bet.br\/index.php?rest_route=\/wp\/v2\/pages\/139\/revisions"}],"predecessor-version":[{"id":2231,"href":"https:\/\/ajuda.b1bet.bet.br\/index.php?rest_route=\/wp\/v2\/pages\/139\/revisions\/2231"}],"wp:attachment":[{"href":"https:\/\/ajuda.b1bet.bet.br\/index.php?rest_route=%2Fwp%2Fv2%2Fmedia&parent=139"}],"curies":[{"name":"wp","href":"https:\/\/api.w.org\/{rel}","templated":true}]}}